{"id":31,"date":"2024-05-22T13:45:25","date_gmt":"2024-05-22T11:45:25","guid":{"rendered":"https:\/\/www.vttchenappan.be\/?page_id=31"},"modified":"2025-05-16T16:27:10","modified_gmt":"2025-05-16T14:27:10","slug":"a-propos-du-vtt-chenappan","status":"publish","type":"page","link":"https:\/\/www.vttchenappan.be\/index.php\/a-propos-du-vtt-chenappan\/","title":{"rendered":"A propos du VTT Chenappan"},"content":{"rendered":"\n<h3 class=\"wp-block-heading\">Historique<\/h3>\n\n\n\n<p>L\u2019ASBL VTT Chenappan est issue du <strong>comit\u00e9 de parents<\/strong> de l\u2019\u00e9cole Saint Jean de Genappe.<\/p>\n\n\n\n<p>En 1991, \u00e0 la demande du pouvoir organisateur, une nouvelle association est n\u00e9e avec quelques nouveaux parents motiv\u00e9s.<\/p>\n\n\n\n<p>Elle a voulu disposer d\u2019une certaine autonomie financi\u00e8re pour financer des projets directement destin\u00e9s aux enfants et ainsi, d\u00e8s 1992, l\u2019association de parents s\u2019est inscrite au calendrier des marches et randonn\u00e9es VTT de l\u2019ADEPS.<\/p>\n\n\n\n<p>Mais rapidement l\u2019organisation d\u2019une randonn\u00e9e VTT a pris le dessus.<\/p>\n\n\n\n<p>Le b\u00e9n\u00e9fice de l\u2019activit\u00e9 est chaque ann\u00e9e investi en partenariat avec les associations de l&rsquo;\u00e9cole Saint Jean pour d\u00e9velopper le sport et le bien \u00eatre (plaine de jeux, terrains de sport, modules en bois, mat\u00e9riel de gymnastique,&#8230;).<\/p>\n\n\n\n<p>Des anciens parents, il reste un noyau fid\u00e8le qui chaque ann\u00e9e s\u2019investit avec l\u2019aide d\u2019une bonne partie du personnel de l\u2019\u00e9cole pour perp\u00e9tuer cet \u00e9v\u00e9nement qui passera\u00a0le cap de la 31\u00e8me \u00e9dition cette ann\u00e9e.<\/p>\n\n\n\n<p><\/p>\n\n\n\n<p>\u200b<\/p>\n\n\n\n<h3 class=\"wp-block-heading\">R\u00e9alisations<\/h3>\n\n\n\n<p><strong>En 2024,<\/strong><\/p>\n\n\n\n<p>Le VTT Chenappan a achet\u00e9 2 tables de <strong>tennis de table<\/strong> de bonne qualit\u00e9 pour la grande cour.\u00a0<\/p>\n\n\n\n<p>Nous avons aussi particip\u00e9 \u00e0 l&rsquo;achat d&rsquo;un <strong>nouveau module de jeux<\/strong> dans la petite cour, en collaboration avec le PO et la ColEnPa.<\/p>\n\n\n\n<p>Enfin, nous avons co-achet\u00e9 une sono pour \u00e9gayer\u00a0le VTT, la fancy-fair, et toutes les chouettes activit\u00e9s organis\u00e9es \u00e0 l&rsquo;\u00e9cole<\/p>\n\n\n\n<p><\/p>\n\n\n\n<p><\/p>\n\n\n\n<p>\u200b<strong>En 2023,<\/strong><\/p>\n\n\n\n<p>Organisation de la \u00ab\u00a0balade de mai\u00a0\u00bb compl\u00e8tement gratuite pour les enfants et parents de l&rsquo;\u00e9cole.<\/p>\n\n\n\n<p>Financement partiel du cours de piscine pour tous les enfants [~2500 Eur!]&nbsp;<\/p>\n\n\n\n<p>Location d&rsquo;un ch\u00e2teau gonflable en fin d&rsquo;ann\u00e9e<\/p>\n\n\n\n<p><strong>En 2022,<\/strong><\/p>\n\n\n\n<ul class=\"wp-block-list\">\n<li>Financement partiel du cours de piscine pour tous les enfants [~2500 Eur!]&nbsp;<\/li>\n\n\n\n<li>Participation au projet de pr\u00e9au dans la grande cour avec la ColEnPa (Qui fut finalement repris par le PO)<\/li>\n\n\n\n<li>Organisation de la \u00ab\u00a0balade de mai\u00a0\u00bb compl\u00e8tement gratuite pour les enfants et parents de l&rsquo;\u00e9cole.<\/li>\n<\/ul>\n\n\n\n<p>\u200b<strong>En 2020, 2021<\/strong><\/p>\n\n\n\n<p>&#8211; Financement partiel du cours de piscine pour tous les enfants [~2500 Eur!]\u00a0<\/p>\n\n\n\n<p><strong>En 2019,<\/strong><\/p>\n\n\n\n<p>la formation secouriste sera maintenue pour les enfants et cette formation<strong>&nbsp;Croix-Rouge sera aussi donn\u00e9e au personnel enseignant<\/strong> en plus des projets suivants:<\/p>\n\n\n\n<p>\u200b&nbsp;&#8211; Activit\u00e9s sportives au FRSEL de Nivelles<\/p>\n\n\n\n<p>&nbsp;&#8211; Tournoi de crosse canadienne<\/p>\n\n\n\n<p>\u00a0&#8211; Financement partiel du cours de piscine pour tous les enfants [~2500 Eur!]\u00a0\u00a0<\/p>\n\n\n\n<p><strong>En 2018,<\/strong><\/p>\n\n\n\n<p>le VTT Chenappan a investi dans des <strong>chasubles retro-r\u00e9fl\u00e9chissantes<\/strong> pour les activit\u00e9s sportives des enfants et la <strong>formation Croix-Rouge <\/strong>des \u00e9l\u00e8ves.&nbsp;<\/p>\n\n\n\n<p><\/p>\n","protected":false},"excerpt":{"rendered":"<p>Historique L\u2019ASBL VTT Chenappan est issue du comit\u00e9 de parents de l\u2019\u00e9cole Saint Jean de Genappe. En 1991, \u00e0 la demande du pouvoir organisateur, une nouvelle association est n\u00e9e avec quelques nouveaux parents motiv\u00e9s. Elle a voulu disposer d\u2019une certaine autonomie financi\u00e8re pour financer des projets directement destin\u00e9s aux enfants et ainsi, d\u00e8s 1992, l\u2019association&hellip;&nbsp;<a href=\"https:\/\/www.vttchenappan.be\/index.php\/a-propos-du-vtt-chenappan\/\" class=\"\" rel=\"bookmark\">Lire la suite &raquo;<span class=\"screen-reader-text\">A propos du VTT Chenappan<\/span><\/a><\/p>\n","protected":false},"author":2,"featured_media":0,"parent":0,"menu_order":0,"comment_status":"closed","ping_status":"closed","template":"","meta":{"neve_meta_sidebar":"","neve_meta_container":"","neve_meta_enable_content_width":"","neve_meta_content_width":0,"neve_meta_title_alignment":"","neve_meta_author_avatar":"","neve_post_elements_order":"","neve_meta_disable_header":"","neve_meta_disable_footer":"","neve_meta_disable_title":"","neve_meta_reading_time":"","_themeisle_gutenberg_block_has_review":false,"footnotes":""},"class_list":["post-31","page","type-page","status-publish","hentry"],"jetpack_sharing_enabled":true,"_links":{"self":[{"href":"https:\/\/www.vttchenappan.be\/index.php\/wp-json\/wp\/v2\/pages\/31","targetHints":{"allow":["GET"]}}],"collection":[{"href":"https:\/\/www.vttchenappan.be\/index.php\/wp-json\/wp\/v2\/pages"}],"about":[{"href":"https:\/\/www.vttchenappan.be\/index.php\/wp-json\/wp\/v2\/types\/page"}],"author":[{"embeddable":true,"href":"https:\/\/www.vttchenappan.be\/index.php\/wp-json\/wp\/v2\/users\/2"}],"replies":[{"embeddable":true,"href":"https:\/\/www.vttchenappan.be\/index.php\/wp-json\/wp\/v2\/comments?post=31"}],"version-history":[{"count":6,"href":"https:\/\/www.vttchenappan.be\/index.php\/wp-json\/wp\/v2\/pages\/31\/revisions"}],"predecessor-version":[{"id":5159,"href":"https:\/\/www.vttchenappan.be\/index.php\/wp-json\/wp\/v2\/pages\/31\/revisions\/5159"}],"wp:attachment":[{"href":"https:\/\/www.vttchenappan.be\/index.php\/wp-json\/wp\/v2\/media?parent=31"}],"curies":[{"name":"wp","href":"https:\/\/api.w.org\/{rel}","templated":true}]}}