{"id":307,"date":"2024-09-28T07:30:55","date_gmt":"2024-09-28T05:30:55","guid":{"rendered":"https:\/\/www.vttchenappan.be\/?post_type=product&#038;p=307"},"modified":"2026-01-24T06:10:24","modified_gmt":"2026-01-24T05:10:24","slug":"vtt-chenappan-adulte","status":"publish","type":"product","link":"https:\/\/www.vttchenappan.be\/index.php\/produit\/vtt-chenappan-adulte\/","title":{"rendered":"VTT Chenappan 2025 Adulte"},"content":{"rendered":"<p>Inscription VTT Chenappan 2025 pour adulte (+12 ans).\u00a0 Le prix comprend :<\/p>\n<ul>\n<li>l&rsquo;acc\u00e8s au parcours fl\u00e9ch\u00e9<\/li>\n<li>l&rsquo;acc\u00e8s aux ravitaillements en nourriture et boisson sur le parcours<\/li>\n<li>l&rsquo;acc\u00e8s au bike wash<\/li>\n<li>l&rsquo;acc\u00e8s \u00e0 un parking v\u00e9lo gard\u00e9<\/li>\n<\/ul>\n<p>Le parcours s\u00e9lectionn\u00e9 est donn\u00e9 \u00e0 titre indicatif. Si vous voulez changer le jour J, pas de soucis !<\/p>\n","protected":false},"excerpt":{"rendered":"<p>Inscription VTT Chenappan 2025 pour adulte (+12 ans).\u00a0 Le prix comprend : l&rsquo;acc\u00e8s au parcours fl\u00e9ch\u00e9 l&rsquo;acc\u00e8s aux ravitaillements en nourriture et boisson sur le parcours l&rsquo;acc\u00e8s au bike wash l&rsquo;acc\u00e8s \u00e0 un parking v\u00e9lo gard\u00e9 Le parcours s\u00e9lectionn\u00e9 est donn\u00e9 \u00e0 titre indicatif. Si vous voulez changer le jour J, pas de soucis !<\/p>\n","protected":false},"featured_media":224,"comment_status":"open","ping_status":"closed","template":"","meta":{"neve_meta_sidebar":"","neve_meta_container":"","neve_meta_enable_content_width":"off","neve_meta_content_width":100,"neve_meta_title_alignment":"","neve_meta_author_avatar":"","neve_post_elements_order":"","neve_meta_disable_header":"","neve_meta_disable_footer":"","neve_meta_disable_title":"","neve_meta_reading_time":"","_themeisle_gutenberg_block_has_review":false},"product_brand":[],"product_cat":[15],"product_tag":[],"class_list":{"0":"post-307","1":"product","2":"type-product","3":"status-publish","4":"has-post-thumbnail","6":"product_cat-non-classe","8":"first","9":"outofstock","10":"shipping-taxable","11":"purchasable","12":"product-type-variable"},"jetpack_sharing_enabled":true,"_links":{"self":[{"href":"https:\/\/www.vttchenappan.be\/index.php\/wp-json\/wp\/v2\/product\/307","targetHints":{"allow":["GET"]}}],"collection":[{"href":"https:\/\/www.vttchenappan.be\/index.php\/wp-json\/wp\/v2\/product"}],"about":[{"href":"https:\/\/www.vttchenappan.be\/index.php\/wp-json\/wp\/v2\/types\/product"}],"replies":[{"embeddable":true,"href":"https:\/\/www.vttchenappan.be\/index.php\/wp-json\/wp\/v2\/comments?post=307"}],"wp:featuredmedia":[{"embeddable":true,"href":"https:\/\/www.vttchenappan.be\/index.php\/wp-json\/wp\/v2\/media\/224"}],"wp:attachment":[{"href":"https:\/\/www.vttchenappan.be\/index.php\/wp-json\/wp\/v2\/media?parent=307"}],"wp:term":[{"taxonomy":"product_brand","embeddable":true,"href":"https:\/\/www.vttchenappan.be\/index.php\/wp-json\/wp\/v2\/product_brand?post=307"},{"taxonomy":"product_cat","embeddable":true,"href":"https:\/\/www.vttchenappan.be\/index.php\/wp-json\/wp\/v2\/product_cat?post=307"},{"taxonomy":"product_tag","embeddable":true,"href":"https:\/\/www.vttchenappan.be\/index.php\/wp-json\/wp\/v2\/product_tag?post=307"}],"curies":[{"name":"wp","href":"https:\/\/api.w.org\/{rel}","templated":true}]}}