{"id":310,"date":"2021-07-05T13:42:24","date_gmt":"2021-07-05T11:42:24","guid":{"rendered":"https:\/\/www.vttchenappan.be\/?post_type=product&#038;p=310"},"modified":"2026-01-24T05:30:33","modified_gmt":"2026-01-24T04:30:33","slug":"vtt-chenappan-enfants-12-ans","status":"publish","type":"product","link":"https:\/\/www.vttchenappan.be\/index.php\/produit\/vtt-chenappan-enfants-12-ans\/","title":{"rendered":"VTT Chenappan 2025 Enfants(-12 ans)"},"content":{"rendered":"<p>Inscription VTT Chenappan 2025 pour enfant (-12 ans).\u00a0 L&rsquo;inscription comprend:<\/p>\n<ul>\n<li>l&rsquo;acc\u00e8s au parcours fl\u00e9ch\u00e9<\/li>\n<li>l&rsquo;acc\u00e8s aux ravitaillements en nourriture et boisson sur le parcours<\/li>\n<li>l&rsquo;acc\u00e8s au bike wash<\/li>\n<li>l&rsquo;acc\u00e8s \u00e0 un parking v\u00e9lo gard\u00e9<\/li>\n<\/ul>\n<p>La classe est n\u00e9cessaire pour les enfants de l&rsquo;\u00e9cole Saint-Jean ou du Petit Chemin afin d&rsquo;enregistrer leur participation au Challenge Chenappan.<\/p>\n<p>Attention : Veuillez tout de m\u00eame vous pr\u00e9senter aux tables \u00ab\u00a0challenge\u00a0\u00bb le jour J ! (\u00e0 c\u00f4t\u00e9 des inscriptions)<\/p>\n","protected":false},"excerpt":{"rendered":"<p>Inscription VTT Chenappan 2025 pour enfant (-12 ans).\u00a0 L&rsquo;inscription comprend: l&rsquo;acc\u00e8s au parcours fl\u00e9ch\u00e9 l&rsquo;acc\u00e8s aux ravitaillements en nourriture et boisson sur le parcours l&rsquo;acc\u00e8s au bike wash l&rsquo;acc\u00e8s \u00e0 un parking v\u00e9lo gard\u00e9 La classe est n\u00e9cessaire pour les enfants de l&rsquo;\u00e9cole Saint-Jean ou du Petit Chemin afin d&rsquo;enregistrer leur participation au Challenge Chenappan.&hellip;&nbsp;<a href=\"https:\/\/www.vttchenappan.be\/index.php\/produit\/vtt-chenappan-enfants-12-ans\/\" class=\"\" rel=\"bookmark\">Lire la suite &raquo;<span class=\"screen-reader-text\">VTT Chenappan 2025 Enfants(-12 ans)<\/span><\/a><\/p>\n","protected":false},"featured_media":224,"comment_status":"open","ping_status":"closed","template":"","meta":{"neve_meta_sidebar":"","neve_meta_container":"","neve_meta_enable_content_width":"off","neve_meta_content_width":100,"neve_meta_title_alignment":"","neve_meta_author_avatar":"","neve_post_elements_order":"","neve_meta_disable_header":"","neve_meta_disable_footer":"","neve_meta_disable_title":"","neve_meta_reading_time":"","_themeisle_gutenberg_block_has_review":false},"product_brand":[],"product_cat":[15],"product_tag":[],"class_list":{"0":"post-310","1":"product","2":"type-product","3":"status-publish","4":"has-post-thumbnail","6":"product_cat-non-classe","8":"first","9":"outofstock","10":"downloadable","11":"virtual","12":"purchasable","13":"product-type-simple"},"jetpack_sharing_enabled":true,"_links":{"self":[{"href":"https:\/\/www.vttchenappan.be\/index.php\/wp-json\/wp\/v2\/product\/310","targetHints":{"allow":["GET"]}}],"collection":[{"href":"https:\/\/www.vttchenappan.be\/index.php\/wp-json\/wp\/v2\/product"}],"about":[{"href":"https:\/\/www.vttchenappan.be\/index.php\/wp-json\/wp\/v2\/types\/product"}],"replies":[{"embeddable":true,"href":"https:\/\/www.vttchenappan.be\/index.php\/wp-json\/wp\/v2\/comments?post=310"}],"wp:featuredmedia":[{"embeddable":true,"href":"https:\/\/www.vttchenappan.be\/index.php\/wp-json\/wp\/v2\/media\/224"}],"wp:attachment":[{"href":"https:\/\/www.vttchenappan.be\/index.php\/wp-json\/wp\/v2\/media?parent=310"}],"wp:term":[{"taxonomy":"product_brand","embeddable":true,"href":"https:\/\/www.vttchenappan.be\/index.php\/wp-json\/wp\/v2\/product_brand?post=310"},{"taxonomy":"product_cat","embeddable":true,"href":"https:\/\/www.vttchenappan.be\/index.php\/wp-json\/wp\/v2\/product_cat?post=310"},{"taxonomy":"product_tag","embeddable":true,"href":"https:\/\/www.vttchenappan.be\/index.php\/wp-json\/wp\/v2\/product_tag?post=310"}],"curies":[{"name":"wp","href":"https:\/\/api.w.org\/{rel}","templated":true}]}}